{"id":2269,"date":"2020-07-04T10:15:17","date_gmt":"2020-07-04T13:15:17","guid":{"rendered":"http:\/\/tecnicos.org.ar\/colegio\/?page_id=2269"},"modified":"2025-12-30T16:14:55","modified_gmt":"2025-12-30T19:14:55","slug":"cuota-ejercicio-profesional-c-e-p","status":"publish","type":"page","link":"https:\/\/tecnicos.org.ar\/colegio\/cuota-ejercicio-profesional-c-e-p\/","title":{"rendered":"Cuota Ejercicio Profesional (C.E.P.)"},"content":{"rendered":"\n<p>La Cuota de Ejercicio Profesional (C.E.P.) es el arancel que debe abonar el profesional t\u00e9cnico en funci\u00f3n de los honorarios que percibir\u00e1 seg\u00fan el contrato celebrado.<\/p>\n\n\n\n<p>Para confeccionar sus C.E.P. deber\u00e1 ingresar al Sistema <a rel=\"noreferrer noopener\" href=\"https:\/\/sigma.tecnicos.org.ar\/login\/\" target=\"_blank\">Sigma<\/a>&nbsp;y gestionarlas all\u00ed completando los datos de cada contrato.<\/p>\n\n\n\n<p>A continuaci\u00f3n,\u00a0los valores de Cuota de Ejercicio Profesional que rigen a partir del <strong>1 de Enero de 2026:<\/strong><\/p>\n\n\n\n<div class=\"wp-block-group\"><div class=\"wp-block-group__inner-container is-layout-constrained wp-block-group-is-layout-constrained\">\n<h2 class=\"wp-block-heading\">C.E.P primer semestre 2026<\/h2>\n\n\n\n<figure class=\"wp-block-table\"><table><tbody><tr><td>Desde <strong>$ 0,00<\/strong> hasta <strong>$ 493.869,00.-<\/strong><\/td><td>CEP <strong>$29.432,00<\/strong><\/td><\/tr><tr><td>Desde <strong>$ 493.869,01.- <\/strong>hasta <strong>$ 2.255.486,00.-<\/strong><\/td><td>CEP <strong>$54.450,00<\/strong><\/td><\/tr><tr><td>Desde\u00a0 <strong>$ 2.255.486,01.-<\/strong> en contratos exclusivamente de tareas de Medici\u00f3n y\/o Informe T\u00e9cnico.<\/td><td>CEP <strong>3,5 %<\/strong><\/td><\/tr><tr><td>Desde\u00a0 <strong>$ 2.255.486,01.-<\/strong> en contratos que incluyan otra tarea profesional colegiada, como Proyecto, Direcci\u00f3n, Construcci\u00f3n, Rep. T\u00e9cnica, etc.<\/td><td>CEP <strong>2,5 %<\/strong><\/td><\/tr><\/tbody><\/table><\/figure>\n<\/div><\/div>\n","protected":false},"excerpt":{"rendered":"<p>La Cuota de Ejercicio Profesional (C.E.P.) es el arancel que debe abonar el profesional t\u00e9cnico en funci\u00f3n de los honorarios que percibir\u00e1 seg\u00fan el contrato celebrado. Para confeccionar sus C.E.P. &#8230;<\/p>\n","protected":false},"author":1,"featured_media":0,"parent":0,"menu_order":16,"comment_status":"closed","ping_status":"closed","template":"","meta":{"footnotes":"","_elementor_edit_mode":"","_elementor_template_type":"","_elementor_data":"","_elementor_page_settings":null,"_elementor_conditions":[]},"class_list":["post-2269","page","type-page","status-publish","hentry"],"_links":{"self":[{"href":"https:\/\/tecnicos.org.ar\/colegio\/wp-json\/wp\/v2\/pages\/2269","targetHints":{"allow":["GET"]}}],"collection":[{"href":"https:\/\/tecnicos.org.ar\/colegio\/wp-json\/wp\/v2\/pages"}],"about":[{"href":"https:\/\/tecnicos.org.ar\/colegio\/wp-json\/wp\/v2\/types\/page"}],"author":[{"embeddable":true,"href":"https:\/\/tecnicos.org.ar\/colegio\/wp-json\/wp\/v2\/users\/1"}],"replies":[{"embeddable":true,"href":"https:\/\/tecnicos.org.ar\/colegio\/wp-json\/wp\/v2\/comments?post=2269"}],"version-history":[{"count":12,"href":"https:\/\/tecnicos.org.ar\/colegio\/wp-json\/wp\/v2\/pages\/2269\/revisions"}],"predecessor-version":[{"id":4272,"href":"https:\/\/tecnicos.org.ar\/colegio\/wp-json\/wp\/v2\/pages\/2269\/revisions\/4272"}],"wp:attachment":[{"href":"https:\/\/tecnicos.org.ar\/colegio\/wp-json\/wp\/v2\/media?parent=2269"}],"curies":[{"name":"wp","href":"https:\/\/api.w.org\/{rel}","templated":true}]}}