{"id":2276,"date":"2025-09-29T10:26:54","date_gmt":"2025-09-29T13:26:54","guid":{"rendered":"http:\/\/tecnicos.org.ar\/colegio\/?page_id=2276"},"modified":"2026-03-31T17:27:27","modified_gmt":"2026-03-31T20:27:27","slug":"valores-referenciales-2","status":"publish","type":"page","link":"https:\/\/tecnicos.org.ar\/colegio\/valores-referenciales-2\/","title":{"rendered":"Valores referenciales"},"content":{"rendered":"\n<p>Estimado Profesional<\/p>\n\n\n\n<p>Por el presente medio le informamos que, dado el aumento de valores referenciales aprobado por la CAAITBA, el Consejo Superior, en sesi\u00f3n de fecha 8 de Enero de 2026, acta N\u00ba 635, mediante la sanci\u00f3n de la RES. colegial N\u00ba 1.429\/26 ha dado tratamiento y consideraci\u00f3n a la actualizaci\u00f3n de los valores m\u00ednimos para determinar los honorarios profesionales.<\/p>\n\n\n\n<p>A partir del d\u00eda<strong>&nbsp;1\u00b0 de Abril de 2026<\/strong>, se establece la vigencia de las presentes \u201cTablas de valores m\u00ednimos indicativos para determinar valores en juego para tareas profesionales\u201d, \u201cTablas desarrolladas para el c\u00e1lculo de honorarios m\u00ednimos\u201d y \u201cTablas de honorarios m\u00ednimos\u201d, seg\u00fan planillas adjuntas (Anexos I, II, III, IV, V, VI y VII).<\/p>\n\n\n\n<p>Atentamente<\/p>\n\n\n\n<p>Consejo Superior<\/p>\n\n\n\n<p><\/p>\n\n\n\n<p><strong>Valores referenciales desde el 1\/04\/2026<\/strong><\/p>\n\n\n\n<p><strong><a href=\"https:\/\/tecnicos.org.ar\/colegio\/wp-content\/uploads\/RES.-1.429-26-valores-Referenciales-Vigencia-01-04-2026.pdf\">Resoluci\u00f3n<\/a>&nbsp;\u2013&nbsp;<a href=\"https:\/\/tecnicos.org.ar\/colegio\/wp-content\/uploads\/01-CTPBA-RES.-1.429-26_-Anexo-I_-VR-vigencia-01-04-26.pdf\">ANEXO I<\/a>&nbsp;\u2013&nbsp;<a href=\"https:\/\/tecnicos.org.ar\/colegio\/wp-content\/uploads\/02-CTP_1.pdf\">ANEXO II<\/a>&nbsp;\u2013&nbsp;<a href=\"https:\/\/tecnicos.org.ar\/colegio\/wp-content\/uploads\/03-CTP_1.pdf\">ANEXO III<\/a>&nbsp;\u2013&nbsp;<a href=\"https:\/\/tecnicos.org.ar\/colegio\/wp-content\/uploads\/04-CTP_1.pdf\">ANEXO IV<\/a>&nbsp;\u2013&nbsp;<a href=\"https:\/\/tecnicos.org.ar\/colegio\/wp-content\/uploads\/05-CTP_1.pdf\">ANEXO V<\/a>&nbsp;\u2013&nbsp;<a href=\"https:\/\/tecnicos.org.ar\/colegio\/wp-content\/uploads\/06-CTP_1.pdf\">ANEXO VI<\/a>&nbsp;\u2013&nbsp;<a href=\"https:\/\/tecnicos.org.ar\/colegio\/wp-content\/uploads\/07-CTP_1.pdf\">ANEXO VII<\/a><\/strong><\/p>\n\n\n\n<hr class=\"wp-block-separator has-alpha-channel-opacity is-style-wide\"\/>\n\n\n\n<p><strong>Valores referenciales desde el 1\/10\/2025 hasta 31\/03\/2026<\/strong><\/p>\n\n\n\n<p><strong><a href=\"http:\/\/tecnicos.org.ar\/colegio\/wp-content\/uploads\/RES.-1.412-25-Valores-referenciales-vigencia-01-10-2025.pdf\">Resoluci\u00f3n<\/a>&nbsp;\u2013&nbsp;<a href=\"http:\/\/tecnicos.org.ar\/colegio\/wp-content\/uploads\/01-CTPBA-RES.-1.412-25_-Anexo-I_-VR-vigencia-01-10-25-f.pdf\" data-type=\"link\" data-id=\"http:\/\/tecnicos.org.ar\/colegio\/wp-content\/uploads\/01-CTPBA-RES.-1.412-25_-Anexo-I_-VR-vigencia-01-10-25-f.pdf\">ANEXO I<\/a>&nbsp;\u2013&nbsp;<a href=\"http:\/\/tecnicos.org.ar\/colegio\/wp-content\/uploads\/02-CTPBA-RES.-1.412-25_Anexo-II_-Honorarios-Min.-vigencia-01-10-2025f.pdf\" data-type=\"link\" data-id=\"http:\/\/tecnicos.org.ar\/colegio\/wp-content\/uploads\/02-CTPBA-RES.-1.412-25_Anexo-II_-Honorarios-Min.-vigencia-01-10-2025f.pdf\">ANEXO II<\/a>&nbsp;\u2013&nbsp;<a href=\"http:\/\/tecnicos.org.ar\/colegio\/wp-content\/uploads\/03-CTPBA-RES.-1.412-25_Anexo-III-_Obras-de-Arq.-e-Ing.-vigencia-01-10-2025f.pdf\" data-type=\"link\" data-id=\"http:\/\/tecnicos.org.ar\/colegio\/wp-content\/uploads\/03-CTPBA-RES.-1.412-25_Anexo-III-_Obras-de-Arq.-e-Ing.-vigencia-01-10-2025f.pdf\">ANEXO III<\/a>&nbsp;\u2013&nbsp;<a href=\"http:\/\/tecnicos.org.ar\/colegio\/wp-content\/uploads\/04-CTPBA-RES.-1.412-25_-Anexo-IV_-Mediciones-vigencia-01-10-2025-TABLA-XXI.pdf\" data-type=\"link\" data-id=\"http:\/\/tecnicos.org.ar\/colegio\/wp-content\/uploads\/04-CTPBA-RES.-1.412-25_-Anexo-IV_-Mediciones-vigencia-01-10-2025-TABLA-XXI.pdf\">ANEXO IV<\/a>&nbsp;\u2013&nbsp;<a href=\"http:\/\/tecnicos.org.ar\/colegio\/wp-content\/uploads\/05-CTPBA-Res.-1.412-25_-Anexo-V_-Inf.-Tec.-Rep.-Tec.-Const.-01-10-2025-TABLA-XVII.pdf\" data-type=\"link\" data-id=\"http:\/\/tecnicos.org.ar\/colegio\/wp-content\/uploads\/05-CTPBA-Res.-1.412-25_-Anexo-V_-Inf.-Tec.-Rep.-Tec.-Const.-01-10-2025-TABLA-XVII.pdf\">ANEXO V<\/a>&nbsp;\u2013&nbsp;<a href=\"http:\/\/tecnicos.org.ar\/colegio\/wp-content\/uploads\/06-CTPBA-RES.-1.412-25_-Anexo-VI_-Electromecanica-vigencia-01-10-25-f.pdf\" data-type=\"link\" data-id=\"http:\/\/tecnicos.org.ar\/colegio\/wp-content\/uploads\/06-CTPBA-RES.-1.412-25_-Anexo-VI_-Electromecanica-vigencia-01-10-25-f.pdf\">ANEXO VI<\/a>&nbsp;\u2013&nbsp;<a href=\"http:\/\/tecnicos.org.ar\/colegio\/wp-content\/uploads\/07-CTPBA-RES.-1.412-25_-Anexo-VII_Tasaciones-vigencia-01-10-2025-TABLA-II.pdf\" data-type=\"link\" data-id=\"http:\/\/tecnicos.org.ar\/colegio\/wp-content\/uploads\/07-CTPBA-RES.-1.412-25_-Anexo-VII_Tasaciones-vigencia-01-10-2025-TABLA-II.pdf\">ANEXO VII<\/a><\/strong><\/p>\n\n\n\n<hr class=\"wp-block-separator has-alpha-channel-opacity is-style-wide\"\/>\n\n\n\n<p><\/p>\n","protected":false},"excerpt":{"rendered":"<p>Estimado Profesional Por el presente medio le informamos que, dado el aumento de valores referenciales aprobado por la CAAITBA, el Consejo Superior, en sesi\u00f3n de fecha 8 de Enero de &#8230;<\/p>\n","protected":false},"author":1,"featured_media":0,"parent":0,"menu_order":13,"comment_status":"closed","ping_status":"closed","template":"","meta":{"footnotes":"","_elementor_edit_mode":"","_elementor_template_type":"","_elementor_data":"","_elementor_page_settings":null,"_elementor_conditions":[]},"class_list":["post-2276","page","type-page","status-publish","hentry"],"_links":{"self":[{"href":"https:\/\/tecnicos.org.ar\/colegio\/wp-json\/wp\/v2\/pages\/2276","targetHints":{"allow":["GET"]}}],"collection":[{"href":"https:\/\/tecnicos.org.ar\/colegio\/wp-json\/wp\/v2\/pages"}],"about":[{"href":"https:\/\/tecnicos.org.ar\/colegio\/wp-json\/wp\/v2\/types\/page"}],"author":[{"embeddable":true,"href":"https:\/\/tecnicos.org.ar\/colegio\/wp-json\/wp\/v2\/users\/1"}],"replies":[{"embeddable":true,"href":"https:\/\/tecnicos.org.ar\/colegio\/wp-json\/wp\/v2\/comments?post=2276"}],"version-history":[{"count":18,"href":"https:\/\/tecnicos.org.ar\/colegio\/wp-json\/wp\/v2\/pages\/2276\/revisions"}],"predecessor-version":[{"id":4332,"href":"https:\/\/tecnicos.org.ar\/colegio\/wp-json\/wp\/v2\/pages\/2276\/revisions\/4332"}],"wp:attachment":[{"href":"https:\/\/tecnicos.org.ar\/colegio\/wp-json\/wp\/v2\/media?parent=2276"}],"curies":[{"name":"wp","href":"https:\/\/api.w.org\/{rel}","templated":true}]}}