{"id":2293,"date":"2020-07-04T10:40:36","date_gmt":"2020-07-04T13:40:36","guid":{"rendered":"http:\/\/tecnicos.org.ar\/colegio\/?page_id=2293"},"modified":"2020-07-04T10:40:37","modified_gmt":"2020-07-04T13:40:37","slug":"tribunal-de-disciplina","status":"publish","type":"page","link":"https:\/\/tecnicos.org.ar\/colegio\/tribunal-de-disciplina\/","title":{"rendered":"Tribunal de disciplina"},"content":{"rendered":"\n<h4 class=\"wp-block-heading\">\u00bfQu\u00e9 es el Tribunal de Disciplina?<\/h4>\n\n\n\n<p>El Colegio tiene la obligaci\u00f3n de fiscalizar y promover el correcto ejercicio de la profesi\u00f3n, a estos efectos se le confiere poder disciplinario para sancionar transgresiones a la \u00e9tica profesional. La potestad disciplinaria del Colegio, ser\u00e1 ejercida por medio del Tribunal de Disciplina.<\/p>\n\n\n\n<h4 class=\"wp-block-heading\">\u00bfC\u00f3mo esta compuesto?<\/h4>\n\n\n\n<p>El Tribunal de Disciplina se compone de cinco (5) miembros titulares y cinco (5) suplentes, que ser\u00e1n elegidos simult\u00e1neamente con el Consejo Superior de la misma forma que la Mesa Ejecutiva.<\/p>\n\n\n\n<h4 class=\"wp-block-heading\">\u00bfQui\u00e9nes lo componen?<\/h4>\n\n\n\n<p>Todo matriculado con diez (10) a\u00f1os de ejercicio profesional y en pleno ejercicio de los derechos del colegiado; no pudiendo sus integrantes formar parte del Consejo Superior ni de los Consejos Directivos de Distrito.<\/p>\n\n\n\n<h4 class=\"wp-block-heading\">\u00bfC\u00f3mo funciona?<\/h4>\n\n\n\n<p>El Tribunal de Disciplina sesionar\u00e1 v\u00e1lidamente con la presencia de no menos de cuatro (4) de sus miembros. Al entrar en funciones el Tribunal designar\u00e1 de entre sus miembros un (1) Presidente y un (1) Secretario. Deber\u00e1 sesionar asistido por un (1) Secretario \u00abad hoc\u00bb con t\u00edtulo de Abogado. Las decisiones ser\u00e1n tomadas por simple mayor\u00eda de los miembros presentes.<\/p>\n\n\n\n<h4 class=\"wp-block-heading\">&nbsp;\u00bfCu\u00e1ndo interviene el Tribunal de Disciplina?<\/h4>\n\n\n\n<p>El Distrito resolver\u00e1 ante la comunicaci\u00f3n de irregularidades cometidas por un colegiado (ya sea por una denuncia en su contra o actuaci\u00f3n de oficio del mismo Distrito) si cabe iniciar proceso disciplinario. En caso afirmativo remitir\u00e1 los antecedentes al Tribunal de Disciplina. El Tribunal de Disciplina analizara los antecedentes recibidos y determinara si el matriculado ha incurrido en trasgresi\u00f3n en el cumplimiento de sus obligaciones profesionales, encuadr\u00e1ndolo \u201cPrima \u2013 Facie\u201d dentro del campo de la \u00c9tica Profesional, emplaz\u00e1ndolo en el mismo acto para que presente pruebas y alegue su defensa. Producidas las pruebas y presentada la defensa, el Tribunal resolver\u00e1 la causa y comunicar\u00e1 su decisi\u00f3n al Consejo Superior para su conocimiento y ejecuci\u00f3n de la sanci\u00f3n correspondiente.<\/p>\n\n\n\n<h4 class=\"wp-block-heading\">\u00bfCu\u00e1les son las sanciones?<\/h4>\n\n\n\n<p>Las sanciones disciplinarias, que en todos los casos se aplicar\u00e1n, conforme a lo que establezca la Reglamentaci\u00f3n, son las siguientes:<\/p>\n\n\n\n<p><strong>1.<\/strong> Advertencia privada ante el Tribunal de Disciplina, o ante el Consejo Superior.<br><strong>2.<\/strong> Censura, en las mismas formas previstas en el inciso anterior.<br><strong>3. <\/strong>Censura p\u00fablica, a los reincidentes de las sanciones precedentes.<br><strong>4.<\/strong> Multa de hasta treinta (30) veces el importe de la cuota anual de matriculaci\u00f3n.<br><strong>5.<\/strong> Suspensi\u00f3n de hasta dos (2) a\u00f1os en el ejercicio de la profesi\u00f3n.<br><strong>6.<\/strong> Cancelaci\u00f3n de la matr\u00edcula.<\/p>\n","protected":false},"excerpt":{"rendered":"<p>\u00bfQu\u00e9 es el Tribunal de Disciplina? El Colegio tiene la obligaci\u00f3n de fiscalizar y promover el correcto ejercicio de la profesi\u00f3n, a estos efectos se le confiere poder disciplinario para &#8230;<\/p>\n","protected":false},"author":1,"featured_media":0,"parent":0,"menu_order":9,"comment_status":"closed","ping_status":"closed","template":"","meta":{"footnotes":"","_elementor_edit_mode":"","_elementor_template_type":"","_elementor_data":"","_elementor_page_settings":null,"_elementor_conditions":[]},"class_list":["post-2293","page","type-page","status-publish","hentry"],"_links":{"self":[{"href":"https:\/\/tecnicos.org.ar\/colegio\/wp-json\/wp\/v2\/pages\/2293","targetHints":{"allow":["GET"]}}],"collection":[{"href":"https:\/\/tecnicos.org.ar\/colegio\/wp-json\/wp\/v2\/pages"}],"about":[{"href":"https:\/\/tecnicos.org.ar\/colegio\/wp-json\/wp\/v2\/types\/page"}],"author":[{"embeddable":true,"href":"https:\/\/tecnicos.org.ar\/colegio\/wp-json\/wp\/v2\/users\/1"}],"replies":[{"embeddable":true,"href":"https:\/\/tecnicos.org.ar\/colegio\/wp-json\/wp\/v2\/comments?post=2293"}],"version-history":[{"count":1,"href":"https:\/\/tecnicos.org.ar\/colegio\/wp-json\/wp\/v2\/pages\/2293\/revisions"}],"predecessor-version":[{"id":2294,"href":"https:\/\/tecnicos.org.ar\/colegio\/wp-json\/wp\/v2\/pages\/2293\/revisions\/2294"}],"wp:attachment":[{"href":"https:\/\/tecnicos.org.ar\/colegio\/wp-json\/wp\/v2\/media?parent=2293"}],"curies":[{"name":"wp","href":"https:\/\/api.w.org\/{rel}","templated":true}]}}