{"id":2295,"date":"2020-07-04T10:41:51","date_gmt":"2020-07-04T13:41:51","guid":{"rendered":"http:\/\/tecnicos.org.ar\/colegio\/?page_id=2295"},"modified":"2020-07-04T10:41:52","modified_gmt":"2020-07-04T13:41:52","slug":"historia","status":"publish","type":"page","link":"https:\/\/tecnicos.org.ar\/colegio\/historia\/","title":{"rendered":"Historia"},"content":{"rendered":"\n<h1 class=\"wp-block-heading\">1902<\/h1>\n\n\n\n<p>Egresan los primeros T\u00e9cnicos Mec\u00e1nicos de nuestro pa\u00eds.<\/p>\n\n\n\n<h1 class=\"wp-block-heading\">1907<\/h1>\n\n\n\n<p>Se crea la Escuela Industrial de Rosario.<\/p>\n\n\n\n<h1 class=\"wp-block-heading\">1909<\/h1>\n\n\n\n<p>Se crea la Escuela Industrial de Santa Fe.<\/p>\n\n\n\n<h1 class=\"wp-block-heading\">1910<\/h1>\n\n\n\n<p>Se crea la Escuela Industrial de La Plata.<\/p>\n\n\n\n<h1 class=\"wp-block-heading\">1917<\/h1>\n\n\n\n<p>Se crean catorce escuelas de Artes y Oficios en diferentes provincias argentinas.<\/p>\n\n\n\n<h1 class=\"wp-block-heading\">1943<\/h1>\n\n\n\n<p>Por Decreto Ley 14.538, se crea la Direcci\u00f3n de Aprendizaje y Trabajo de Menores.<\/p>\n\n\n\n<h1 class=\"wp-block-heading\">1944<\/h1>\n\n\n\n<p>Por Ley 12.921, se da creaci\u00f3n a la Direcci\u00f3n de Ense\u00f1anza T\u00e9cnica y la Comisi\u00f3n Nacional de Aprendizaje y Orientaci\u00f3n Profesional.<\/p>\n\n\n\n<h1 class=\"wp-block-heading\">1959<\/h1>\n\n\n\n<p>Se crea por Ley 15.240 el Consejo Nacional de Educaci\u00f3n T\u00e9cnica (CONET), dependiente del Ministerio de Educaci\u00f3n y Justicia de la Naci\u00f3n, este hecho es un hito fundamental en la historia de las profesiones t\u00e9cnicas en nuestro pa\u00eds. A partir de su creaci\u00f3n por diversas resoluciones, el CONET va fijando las incumbencias de los t\u00edtulos de: T\u00e9cnico Mec\u00e1nico, Electrot\u00e9cnico, T\u00e9cnico Mec\u00e1nico Electricista, T\u00e9cnico Electr\u00f3nico, etc.<\/p>\n\n\n\n<p>Con la sanci\u00f3n de la Ley 6.075, se fija una normativa legal para el desarrollo de la actividad profesional de los t\u00e9cnicos en la Provincia de Buenos Aires. El ejercicio de la profesi\u00f3n de los t\u00e9cnicos en la jurisdicci\u00f3n provincial, estuvo hasta ese entonces, bajo el control de los municipios, a partir de la sanci\u00f3n de esta ley, pasa a estar regulada por el Consejo Profesional de la Ingenier\u00eda, Ley 5.140, en este organismo se encontraban nucleados tambi\u00e9n Ingenieros, Agrimensores y Arquitectos.<\/p>\n\n\n\n<h1 class=\"wp-block-heading\">1969<\/h1>\n\n\n\n<p>Por Resoluci\u00f3n Ministerial N\u00ba 1068\/68 se fijan los alcances del t\u00edtulo de Constructor de 3\u00ba categor\u00eda.<\/p>\n\n\n\n<h1 class=\"wp-block-heading\">1974<\/h1>\n\n\n\n<p>Por decreto del Poder Ejecutivo Nacional N\u00ba 484\/74, se fijan los alcances del t\u00edtulo de Maestro Mayor de Obras.<\/p>\n\n\n\n<h1 class=\"wp-block-heading\">1986<\/h1>\n\n\n\n<p>Se produce un hecho fundamental en la historia de las profesiones t\u00e9cnicas, con la sanci\u00f3n de la Ley 10.411 se crea el COLEGIO DE T\u00c9CNICOS DE LA PROVINCIA DE BUENOS AIRES, cesando su existencia, el Consejo Profesional de la Ingenier\u00eda. Esta nueva instituci\u00f3n comienza a transitar su historia en el a\u00f1o 1988. Los t\u00e9cnicos, que siempre estuvieron ligados al desarrollo de la provincia, pasan a tener su propio organismo para el control de su ejercicio profesional, conducido por matriculados elegidos por el voto libre y democr\u00e1tico entre todos los integrantes del Colegio, demostrando as\u00ed que son capaces de gobernarse a s\u00ed mismos y de organizarse tras objetivos comunes.<\/p>\n\n\n\n<p>Desde su creaci\u00f3n hasta la fecha, el Colegio de T\u00e9cnicos de la Provincia de Buenos Aires cumple fielmente con el rol del control profesional para el que fue creado, garantizando a la sociedad en su conjunto, la idoneidad y capacidad de sus colegiados.<\/p>\n\n\n\n<figure><iframe src=\"https:\/\/www.youtube.com\/embed\/blDHtEvRX-4?feature=oembed\" allowfullscreen=\"\"><\/iframe><\/figure>\n\n\n\n<figure><iframe src=\"https:\/\/www.youtube.com\/embed\/fFapxHqZ4g0?feature=oembed\" allowfullscreen=\"\"><\/iframe><\/figure>\n\n\n\n<p><\/p>\n","protected":false},"excerpt":{"rendered":"<p>1902 Egresan los primeros T\u00e9cnicos Mec\u00e1nicos de nuestro pa\u00eds. 1907 Se crea la Escuela Industrial de Rosario. 1909 Se crea la Escuela Industrial de Santa Fe. 1910 Se crea la &#8230;<\/p>\n","protected":false},"author":1,"featured_media":0,"parent":0,"menu_order":8,"comment_status":"closed","ping_status":"closed","template":"","meta":{"footnotes":"","_elementor_edit_mode":"","_elementor_template_type":"","_elementor_data":"","_elementor_page_settings":null,"_elementor_conditions":[]},"class_list":["post-2295","page","type-page","status-publish","hentry"],"_links":{"self":[{"href":"https:\/\/tecnicos.org.ar\/colegio\/wp-json\/wp\/v2\/pages\/2295","targetHints":{"allow":["GET"]}}],"collection":[{"href":"https:\/\/tecnicos.org.ar\/colegio\/wp-json\/wp\/v2\/pages"}],"about":[{"href":"https:\/\/tecnicos.org.ar\/colegio\/wp-json\/wp\/v2\/types\/page"}],"author":[{"embeddable":true,"href":"https:\/\/tecnicos.org.ar\/colegio\/wp-json\/wp\/v2\/users\/1"}],"replies":[{"embeddable":true,"href":"https:\/\/tecnicos.org.ar\/colegio\/wp-json\/wp\/v2\/comments?post=2295"}],"version-history":[{"count":1,"href":"https:\/\/tecnicos.org.ar\/colegio\/wp-json\/wp\/v2\/pages\/2295\/revisions"}],"predecessor-version":[{"id":2296,"href":"https:\/\/tecnicos.org.ar\/colegio\/wp-json\/wp\/v2\/pages\/2295\/revisions\/2296"}],"wp:attachment":[{"href":"https:\/\/tecnicos.org.ar\/colegio\/wp-json\/wp\/v2\/media?parent=2295"}],"curies":[{"name":"wp","href":"https:\/\/api.w.org\/{rel}","templated":true}]}}