{"id":2972,"date":"2022-10-12T11:39:20","date_gmt":"2022-10-12T14:39:20","guid":{"rendered":"http:\/\/tecnicos.org.ar\/colegio\/?page_id=2972"},"modified":"2026-01-27T10:09:08","modified_gmt":"2026-01-27T13:09:08","slug":"beneficios-en-seguros","status":"publish","type":"page","link":"https:\/\/tecnicos.org.ar\/colegio\/beneficios-en-seguros\/","title":{"rendered":"Beneficios en seguros"},"content":{"rendered":"\t\t<div data-elementor-type=\"wp-page\" data-elementor-id=\"2972\" class=\"elementor elementor-2972\" data-elementor-post-type=\"page\">\n\t\t\t\t\t\t<section class=\"elementor-section elementor-top-section elementor-element elementor-element-b746de1 elementor-section-boxed elementor-section-height-default elementor-section-height-default\" data-id=\"b746de1\" data-element_type=\"section\">\n\t\t\t\t\t\t<div class=\"elementor-container elementor-column-gap-default\">\n\t\t\t\t\t<div class=\"elementor-column elementor-col-100 elementor-top-column elementor-element elementor-element-cf76b3f\" data-id=\"cf76b3f\" data-element_type=\"column\">\n\t\t\t<div class=\"elementor-widget-wrap elementor-element-populated\">\n\t\t\t\t\t\t<div class=\"elementor-element elementor-element-6862e6e elementor-widget elementor-widget-heading\" data-id=\"6862e6e\" data-element_type=\"widget\" data-widget_type=\"heading.default\">\n\t\t\t\t<div class=\"elementor-widget-container\">\n\t\t\t\t\t<h2 class=\"elementor-heading-title elementor-size-default\">El Colegio de T\u00e9cnicos a trav\u00e9s de Sancor Seguros y Mercantil Andina Seguros, le otorga los siguientes beneficios en forma autom\u00e1tica al matricularse y estar al d\u00eda con la instituci\u00f3n:<\/h2>\t\t\t\t<\/div>\n\t\t\t\t<\/div>\n\t\t\t\t\t<\/div>\n\t\t<\/div>\n\t\t\t\t\t<\/div>\n\t\t<\/section>\n\t\t\t\t<section class=\"elementor-section elementor-top-section elementor-element elementor-element-cd1ddb6 elementor-section-boxed elementor-section-height-default elementor-section-height-default\" data-id=\"cd1ddb6\" data-element_type=\"section\">\n\t\t\t\t\t\t<div class=\"elementor-container elementor-column-gap-default\">\n\t\t\t\t\t<div class=\"elementor-column elementor-col-100 elementor-top-column elementor-element elementor-element-4eca065\" data-id=\"4eca065\" data-element_type=\"column\">\n\t\t\t<div class=\"elementor-widget-wrap elementor-element-populated\">\n\t\t\t\t\t\t<div class=\"elementor-element elementor-element-8706dd8 elementor-widget elementor-widget-image\" data-id=\"8706dd8\" data-element_type=\"widget\" data-widget_type=\"image.default\">\n\t\t\t\t<div class=\"elementor-widget-container\">\n\t\t\t\t\t\t\t\t\t\t\t\t\t\t\t<img fetchpriority=\"high\" decoding=\"async\" width=\"320\" height=\"158\" src=\"https:\/\/tecnicos.org.ar\/colegio\/wp-content\/uploads\/sancorseguros.png\" class=\"attachment-large size-large wp-image-2974\" alt=\"\" srcset=\"https:\/\/tecnicos.org.ar\/colegio\/wp-content\/uploads\/sancorseguros.png 320w, https:\/\/tecnicos.org.ar\/colegio\/wp-content\/uploads\/sancorseguros-300x148.png 300w\" sizes=\"(max-width: 320px) 100vw, 320px\" \/>\t\t\t\t\t\t\t\t\t\t\t\t\t\t\t<\/div>\n\t\t\t\t<\/div>\n\t\t\t\t\t<\/div>\n\t\t<\/div>\n\t\t\t\t\t<\/div>\n\t\t<\/section>\n\t\t\t\t<section class=\"elementor-section elementor-top-section elementor-element elementor-element-aa8b604 elementor-section-boxed elementor-section-height-default elementor-section-height-default\" data-id=\"aa8b604\" data-element_type=\"section\">\n\t\t\t\t\t\t<div class=\"elementor-container elementor-column-gap-default\">\n\t\t\t\t\t<div class=\"elementor-column elementor-col-100 elementor-top-column elementor-element elementor-element-300a212\" data-id=\"300a212\" data-element_type=\"column\">\n\t\t\t<div class=\"elementor-widget-wrap elementor-element-populated\">\n\t\t\t\t\t\t<div class=\"elementor-element elementor-element-04bbe45 elementor-widget elementor-widget-text-editor\" data-id=\"04bbe45\" data-element_type=\"widget\" data-widget_type=\"text-editor.default\">\n\t\t\t\t<div class=\"elementor-widget-container\">\n\t\t\t\t\t\t\t\t\t<ul><li><strong>Descuento en medicamentos del 50% en Farmacias adheridas.<\/strong><\/li><li><strong>Seguro de Salud &#8211; Salud Segura &#8211; Corporativo.<\/strong><\/li><\/ul><p style=\"padding-left: 80px;\"><strong>El mismo incluye:<\/strong>\u00a0<\/p><p style=\"padding-left: 120px;\">-Transplantes de \u00f3rganos.<\/p><p style=\"padding-left: 120px;\">-Pr\u00f3tesis.<\/p><p style=\"padding-left: 120px;\">-Alta complejidad quir\u00fargica.<\/p><p>\u00a0<\/p>\t\t\t\t\t\t\t\t<\/div>\n\t\t\t\t<\/div>\n\t\t\t\t\t<\/div>\n\t\t<\/div>\n\t\t\t\t\t<\/div>\n\t\t<\/section>\n\t\t\t\t<section class=\"elementor-section elementor-top-section elementor-element elementor-element-bdf8004 elementor-section-boxed elementor-section-height-default elementor-section-height-default\" data-id=\"bdf8004\" data-element_type=\"section\">\n\t\t\t\t\t\t<div class=\"elementor-container elementor-column-gap-default\">\n\t\t\t\t\t<div class=\"elementor-column elementor-col-100 elementor-top-column elementor-element elementor-element-b19628f\" data-id=\"b19628f\" data-element_type=\"column\">\n\t\t\t<div class=\"elementor-widget-wrap elementor-element-populated\">\n\t\t\t\t\t\t<div class=\"elementor-element elementor-element-e5f2fef elementor-widget elementor-widget-image\" data-id=\"e5f2fef\" data-element_type=\"widget\" data-widget_type=\"image.default\">\n\t\t\t\t<div class=\"elementor-widget-container\">\n\t\t\t\t\t\t\t\t\t\t\t\t\t\t\t<img decoding=\"async\" width=\"462\" height=\"109\" src=\"https:\/\/tecnicos.org.ar\/colegio\/wp-content\/uploads\/mercantilandina.png\" class=\"attachment-large size-large wp-image-2975\" alt=\"\" srcset=\"https:\/\/tecnicos.org.ar\/colegio\/wp-content\/uploads\/mercantilandina.png 462w, https:\/\/tecnicos.org.ar\/colegio\/wp-content\/uploads\/mercantilandina-300x71.png 300w\" sizes=\"(max-width: 462px) 100vw, 462px\" \/>\t\t\t\t\t\t\t\t\t\t\t\t\t\t\t<\/div>\n\t\t\t\t<\/div>\n\t\t\t\t\t<\/div>\n\t\t<\/div>\n\t\t\t\t\t<\/div>\n\t\t<\/section>\n\t\t\t\t<section class=\"elementor-section elementor-top-section elementor-element elementor-element-853492d elementor-section-boxed elementor-section-height-default elementor-section-height-default\" data-id=\"853492d\" data-element_type=\"section\">\n\t\t\t\t\t\t<div class=\"elementor-container elementor-column-gap-default\">\n\t\t\t\t\t<div class=\"elementor-column elementor-col-100 elementor-top-column elementor-element elementor-element-cd0feac\" data-id=\"cd0feac\" data-element_type=\"column\">\n\t\t\t<div class=\"elementor-widget-wrap elementor-element-populated\">\n\t\t\t\t\t\t<div class=\"elementor-element elementor-element-f0fb3fb elementor-widget elementor-widget-text-editor\" data-id=\"f0fb3fb\" data-element_type=\"widget\" data-widget_type=\"text-editor.default\">\n\t\t\t\t<div class=\"elementor-widget-container\">\n\t\t\t\t\t\t\t\t\t<p>La cobertura est\u00e1 desarrollada para proteger al matriculado en el \u00e1mbito laboral, la cual incluye:<br \/>\u2022 Muerte por accidente $12.000.000.- <br \/>\u2022 Invalidez total y parcial permanente por accidente $12.000.000.-<br \/>\u2022 Reintegro de gastos de asistencia m\u00e9dica por accidente de hasta $1.050.000.-<\/p>\t\t\t\t\t\t\t\t<\/div>\n\t\t\t\t<\/div>\n\t\t\t\t\t<\/div>\n\t\t<\/div>\n\t\t\t\t\t<\/div>\n\t\t<\/section>\n\t\t\t\t<section class=\"elementor-section elementor-top-section elementor-element elementor-element-cd79a55 elementor-section-boxed elementor-section-height-default elementor-section-height-default\" data-id=\"cd79a55\" data-element_type=\"section\">\n\t\t\t\t\t\t<div class=\"elementor-container elementor-column-gap-default\">\n\t\t\t\t\t<div class=\"elementor-column elementor-col-100 elementor-top-column elementor-element elementor-element-7cc8268\" data-id=\"7cc8268\" data-element_type=\"column\">\n\t\t\t<div class=\"elementor-widget-wrap elementor-element-populated\">\n\t\t\t\t\t\t<div class=\"elementor-element elementor-element-551a0d5 elementor-widget elementor-widget-spacer\" data-id=\"551a0d5\" data-element_type=\"widget\" data-widget_type=\"spacer.default\">\n\t\t\t\t<div class=\"elementor-widget-container\">\n\t\t\t\t\t\t\t<div class=\"elementor-spacer\">\n\t\t\t<div class=\"elementor-spacer-inner\"><\/div>\n\t\t<\/div>\n\t\t\t\t\t\t<\/div>\n\t\t\t\t<\/div>\n\t\t\t\t\t<\/div>\n\t\t<\/div>\n\t\t\t\t\t<\/div>\n\t\t<\/section>\n\t\t\t\t<section class=\"elementor-section elementor-top-section elementor-element elementor-element-c60fbbc elementor-section-boxed elementor-section-height-default elementor-section-height-default\" data-id=\"c60fbbc\" data-element_type=\"section\">\n\t\t\t\t\t\t<div class=\"elementor-container elementor-column-gap-default\">\n\t\t\t\t\t<div class=\"elementor-column elementor-col-100 elementor-top-column elementor-element elementor-element-46a51ba\" data-id=\"46a51ba\" data-element_type=\"column\">\n\t\t\t<div class=\"elementor-widget-wrap elementor-element-populated\">\n\t\t\t\t\t\t<div class=\"elementor-element elementor-element-f022a3e elementor-widget elementor-widget-heading\" data-id=\"f022a3e\" data-element_type=\"widget\" data-widget_type=\"heading.default\">\n\t\t\t\t<div class=\"elementor-widget-container\">\n\t\t\t\t\t<h2 class=\"elementor-heading-title elementor-size-default\">Para solicitar el beneficio y las p\u00f3lizas de seguro debe ponerse en contacto con el Asesor de Seguros Emiliano Caffe por medio de correo electr\u00f3nico:<\/h2>\t\t\t\t<\/div>\n\t\t\t\t<\/div>\n\t\t\t\t\t<\/div>\n\t\t<\/div>\n\t\t\t\t\t<\/div>\n\t\t<\/section>\n\t\t\t\t<section class=\"elementor-section elementor-top-section elementor-element elementor-element-b7dd22d elementor-section-boxed elementor-section-height-default elementor-section-height-default\" data-id=\"b7dd22d\" data-element_type=\"section\">\n\t\t\t\t\t\t<div class=\"elementor-container elementor-column-gap-default\">\n\t\t\t\t\t<div class=\"elementor-column elementor-col-100 elementor-top-column elementor-element elementor-element-d53edd9\" data-id=\"d53edd9\" data-element_type=\"column\">\n\t\t\t<div class=\"elementor-widget-wrap elementor-element-populated\">\n\t\t\t\t\t\t<div class=\"elementor-element elementor-element-1ad70f3 elementor-widget elementor-widget-text-editor\" data-id=\"1ad70f3\" data-element_type=\"widget\" data-widget_type=\"text-editor.default\">\n\t\t\t\t<div class=\"elementor-widget-container\">\n\t\t\t\t\t\t\t\t\t<ul><li><a href=\"mailto:info@suasesordeseguros.com.ar\"><strong>info@suasesordeseguros.com.ar<\/strong><\/a><\/li><li><a href=\"mailto:emiliano@suasesordeseguros.com.ar\"><strong>emiliano@suasesordeseguros.com.ar<\/strong><\/a><\/li><\/ul>\t\t\t\t\t\t\t\t<\/div>\n\t\t\t\t<\/div>\n\t\t\t\t\t<\/div>\n\t\t<\/div>\n\t\t\t\t\t<\/div>\n\t\t<\/section>\n\t\t\t\t<section class=\"elementor-section elementor-top-section elementor-element elementor-element-e30ae3a elementor-section-boxed elementor-section-height-default elementor-section-height-default\" data-id=\"e30ae3a\" data-element_type=\"section\">\n\t\t\t\t\t\t<div class=\"elementor-container elementor-column-gap-default\">\n\t\t\t\t\t<div class=\"elementor-column elementor-col-100 elementor-top-column elementor-element elementor-element-f9a3bed\" data-id=\"f9a3bed\" data-element_type=\"column\">\n\t\t\t<div class=\"elementor-widget-wrap elementor-element-populated\">\n\t\t\t\t\t\t<div class=\"elementor-element elementor-element-31bb5c5 elementor-widget elementor-widget-heading\" data-id=\"31bb5c5\" data-element_type=\"widget\" data-widget_type=\"heading.default\">\n\t\t\t\t<div class=\"elementor-widget-container\">\n\t\t\t\t\t<h2 class=\"elementor-heading-title elementor-size-default\">Indicando los siguientes datos:<\/h2>\t\t\t\t<\/div>\n\t\t\t\t<\/div>\n\t\t\t\t\t<\/div>\n\t\t<\/div>\n\t\t\t\t\t<\/div>\n\t\t<\/section>\n\t\t\t\t<section class=\"elementor-section elementor-top-section elementor-element elementor-element-e24a467 elementor-section-boxed elementor-section-height-default elementor-section-height-default\" data-id=\"e24a467\" data-element_type=\"section\">\n\t\t\t\t\t\t<div class=\"elementor-container elementor-column-gap-default\">\n\t\t\t\t\t<div class=\"elementor-column elementor-col-100 elementor-top-column elementor-element elementor-element-bcc18ca\" data-id=\"bcc18ca\" data-element_type=\"column\">\n\t\t\t<div class=\"elementor-widget-wrap elementor-element-populated\">\n\t\t\t\t\t\t<div class=\"elementor-element elementor-element-e7a1e17 elementor-widget elementor-widget-text-editor\" data-id=\"e7a1e17\" data-element_type=\"widget\" data-widget_type=\"text-editor.default\">\n\t\t\t\t<div class=\"elementor-widget-container\">\n\t\t\t\t\t\t\t\t\t<ul><li>NOMBRE Y APELLIDO<\/li><li>DNI<\/li><li>MATR\u00cdCULA DEL COLEGIO DE T\u00c9CNICOS DE LA PROVINCIA DE BUENOS AIRES.<\/li><\/ul>\t\t\t\t\t\t\t\t<\/div>\n\t\t\t\t<\/div>\n\t\t\t\t\t<\/div>\n\t\t<\/div>\n\t\t\t\t\t<\/div>\n\t\t<\/section>\n\t\t\t\t<\/div>\n\t\t","protected":false},"excerpt":{"rendered":"<p>El Colegio de T\u00e9cnicos a trav\u00e9s de Sancor Seguros y Mercantil Andina Seguros, le otorga los siguientes beneficios en forma autom\u00e1tica al matricularse y estar al d\u00eda con la instituci\u00f3n: &#8230;<\/p>\n","protected":false},"author":1,"featured_media":0,"parent":0,"menu_order":1,"comment_status":"closed","ping_status":"closed","template":"","meta":{"footnotes":"","_elementor_edit_mode":"builder","_elementor_template_type":"wp-page","_elementor_data":"[{\"id\":\"b746de1\",\"elType\":\"section\",\"settings\":[],\"elements\":[{\"id\":\"cf76b3f\",\"elType\":\"column\",\"settings\":{\"_column_size\":100,\"_inline_size\":null},\"elements\":[{\"id\":\"6862e6e\",\"elType\":\"widget\",\"settings\":{\"title\":\"El Colegio de T\\u00e9cnicos a trav\\u00e9s de Sancor Seguros y Mercantil Andina Seguros, le otorga los siguientes beneficios en forma autom\\u00e1tica al matricularse y estar al d\\u00eda con la instituci\\u00f3n:\",\"title_color\":\"#000000\",\"typography_typography\":\"custom\",\"typography_font_family\":\"Helvetica\",\"typography_font_size\":{\"unit\":\"px\",\"size\":19,\"sizes\":[]},\"typography_font_weight\":\"400\",\"typography_line_height\":{\"unit\":\"px\",\"size\":30,\"sizes\":[]}},\"elements\":[],\"widgetType\":\"heading\"}],\"isInner\":false}],\"isInner\":false},{\"id\":\"cd1ddb6\",\"elType\":\"section\",\"settings\":[],\"elements\":[{\"id\":\"4eca065\",\"elType\":\"column\",\"settings\":{\"_column_size\":100,\"_inline_size\":null},\"elements\":[{\"id\":\"8706dd8\",\"elType\":\"widget\",\"settings\":{\"image\":{\"url\":\"http:\\\/\\\/tecnicos.org.ar\\\/colegio\\\/wp-content\\\/uploads\\\/sancorseguros.png\",\"id\":2974,\"alt\":\"\",\"source\":\"library\"}},\"elements\":[],\"widgetType\":\"image\"}],\"isInner\":false}],\"isInner\":false},{\"id\":\"aa8b604\",\"elType\":\"section\",\"settings\":[],\"elements\":[{\"id\":\"300a212\",\"elType\":\"column\",\"settings\":{\"_column_size\":100,\"_inline_size\":null},\"elements\":[{\"id\":\"04bbe45\",\"elType\":\"widget\",\"settings\":{\"editor\":\"<ul><li><strong>Descuento en medicamentos del 50% en Farmacias adheridas.<\\\/strong><\\\/li><li><strong>Seguro de Salud - Salud Segura - Corporativo.<\\\/strong><\\\/li><\\\/ul><p style=\\\"padding-left: 80px;\\\"><strong>El mismo incluye:<\\\/strong>\\u00a0<\\\/p><p style=\\\"padding-left: 120px;\\\">-Transplantes de \\u00f3rganos.<\\\/p><p style=\\\"padding-left: 120px;\\\">-Pr\\u00f3tesis.<\\\/p><p style=\\\"padding-left: 120px;\\\">-Alta complejidad quir\\u00fargica.<\\\/p><p>\\u00a0<\\\/p>\"},\"elements\":[],\"widgetType\":\"text-editor\"}],\"isInner\":false}],\"isInner\":false},{\"id\":\"bdf8004\",\"elType\":\"section\",\"settings\":[],\"elements\":[{\"id\":\"b19628f\",\"elType\":\"column\",\"settings\":{\"_column_size\":100,\"_inline_size\":null},\"elements\":[{\"id\":\"e5f2fef\",\"elType\":\"widget\",\"settings\":{\"image\":{\"url\":\"http:\\\/\\\/tecnicos.org.ar\\\/colegio\\\/wp-content\\\/uploads\\\/mercantilandina.png\",\"id\":2975,\"alt\":\"\",\"source\":\"library\"}},\"elements\":[],\"widgetType\":\"image\"}],\"isInner\":false}],\"isInner\":false},{\"id\":\"853492d\",\"elType\":\"section\",\"settings\":[],\"elements\":[{\"id\":\"cd0feac\",\"elType\":\"column\",\"settings\":{\"_column_size\":100,\"_inline_size\":null},\"elements\":[{\"id\":\"f0fb3fb\",\"elType\":\"widget\",\"settings\":{\"editor\":\"<p>La cobertura est\\u00e1 desarrollada para proteger al matriculado en el \\u00e1mbito laboral, la cual incluye:<br \\\/>\\u2022 Muerte por accidente $12.000.000.- <br \\\/>\\u2022 Invalidez total y parcial permanente por accidente $12.000.000.-<br \\\/>\\u2022 Reintegro de gastos de asistencia m\\u00e9dica por accidente de hasta $1.050.000.-<\\\/p>\"},\"elements\":[],\"widgetType\":\"text-editor\"}],\"isInner\":false}],\"isInner\":false},{\"id\":\"cd79a55\",\"elType\":\"section\",\"settings\":[],\"elements\":[{\"id\":\"7cc8268\",\"elType\":\"column\",\"settings\":{\"_column_size\":100,\"_inline_size\":null},\"elements\":[{\"id\":\"551a0d5\",\"elType\":\"widget\",\"settings\":[],\"elements\":[],\"widgetType\":\"spacer\"}],\"isInner\":false}],\"isInner\":false},{\"id\":\"c60fbbc\",\"elType\":\"section\",\"settings\":[],\"elements\":[{\"id\":\"46a51ba\",\"elType\":\"column\",\"settings\":{\"_column_size\":100,\"_inline_size\":null},\"elements\":[{\"id\":\"f022a3e\",\"elType\":\"widget\",\"settings\":{\"title\":\"Para solicitar el beneficio y las p\\u00f3lizas de seguro debe ponerse en contacto con el Asesor de Seguros Emiliano Caffe por medio de correo electr\\u00f3nico:\",\"title_color\":\"#000000\",\"typography_typography\":\"custom\",\"typography_font_family\":\"Helvetica\",\"typography_font_size\":{\"unit\":\"px\",\"size\":19,\"sizes\":[]},\"typography_font_weight\":\"700\",\"typography_line_height\":{\"unit\":\"px\",\"size\":26,\"sizes\":[]}},\"elements\":[],\"widgetType\":\"heading\"}],\"isInner\":false}],\"isInner\":false},{\"id\":\"b7dd22d\",\"elType\":\"section\",\"settings\":[],\"elements\":[{\"id\":\"d53edd9\",\"elType\":\"column\",\"settings\":{\"_column_size\":100,\"_inline_size\":null},\"elements\":[{\"id\":\"1ad70f3\",\"elType\":\"widget\",\"settings\":{\"editor\":\"<ul><li><a href=\\\"mailto:info@suasesordeseguros.com.ar\\\"><strong>info@suasesordeseguros.com.ar<\\\/strong><\\\/a><\\\/li><li><a href=\\\"mailto:emiliano@suasesordeseguros.com.ar\\\"><strong>emiliano@suasesordeseguros.com.ar<\\\/strong><\\\/a><\\\/li><\\\/ul>\",\"text_color\":\"#7A7A7A\",\"typography_typography\":\"custom\",\"typography_font_family\":\"Helvetica\",\"typography_font_size\":{\"unit\":\"px\",\"size\":17,\"sizes\":[]},\"typography_font_weight\":\"400\"},\"elements\":[],\"widgetType\":\"text-editor\"}],\"isInner\":false}],\"isInner\":false},{\"id\":\"e30ae3a\",\"elType\":\"section\",\"settings\":[],\"elements\":[{\"id\":\"f9a3bed\",\"elType\":\"column\",\"settings\":{\"_column_size\":100,\"_inline_size\":null},\"elements\":[{\"id\":\"31bb5c5\",\"elType\":\"widget\",\"settings\":{\"title\":\"Indicando los siguientes datos:\",\"title_color\":\"#000000\",\"typography_typography\":\"custom\",\"typography_font_family\":\"Helvetica\",\"typography_font_size\":{\"unit\":\"px\",\"size\":19,\"sizes\":[]},\"typography_font_weight\":\"700\",\"typography_line_height\":{\"unit\":\"px\",\"size\":26,\"sizes\":[]}},\"elements\":[],\"widgetType\":\"heading\"}],\"isInner\":false}],\"isInner\":false},{\"id\":\"e24a467\",\"elType\":\"section\",\"settings\":[],\"elements\":[{\"id\":\"bcc18ca\",\"elType\":\"column\",\"settings\":{\"_column_size\":100,\"_inline_size\":null},\"elements\":[{\"id\":\"e7a1e17\",\"elType\":\"widget\",\"settings\":{\"editor\":\"<ul><li>NOMBRE Y APELLIDO<\\\/li><li>DNI<\\\/li><li>MATR\\u00cdCULA DEL COLEGIO DE T\\u00c9CNICOS DE LA PROVINCIA DE BUENOS AIRES.<\\\/li><\\\/ul>\",\"text_color\":\"#7A7A7A\",\"typography_typography\":\"custom\",\"typography_font_family\":\"Helvetica\",\"typography_font_size\":{\"unit\":\"px\",\"size\":17,\"sizes\":[]},\"typography_font_weight\":\"400\"},\"elements\":[],\"widgetType\":\"text-editor\"}],\"isInner\":false}],\"isInner\":false}]","_elementor_page_settings":null,"_elementor_conditions":[]},"class_list":["post-2972","page","type-page","status-publish","hentry"],"_links":{"self":[{"href":"https:\/\/tecnicos.org.ar\/colegio\/wp-json\/wp\/v2\/pages\/2972","targetHints":{"allow":["GET"]}}],"collection":[{"href":"https:\/\/tecnicos.org.ar\/colegio\/wp-json\/wp\/v2\/pages"}],"about":[{"href":"https:\/\/tecnicos.org.ar\/colegio\/wp-json\/wp\/v2\/types\/page"}],"author":[{"embeddable":true,"href":"https:\/\/tecnicos.org.ar\/colegio\/wp-json\/wp\/v2\/users\/1"}],"replies":[{"embeddable":true,"href":"https:\/\/tecnicos.org.ar\/colegio\/wp-json\/wp\/v2\/comments?post=2972"}],"version-history":[{"count":8,"href":"https:\/\/tecnicos.org.ar\/colegio\/wp-json\/wp\/v2\/pages\/2972\/revisions"}],"predecessor-version":[{"id":4302,"href":"https:\/\/tecnicos.org.ar\/colegio\/wp-json\/wp\/v2\/pages\/2972\/revisions\/4302"}],"wp:attachment":[{"href":"https:\/\/tecnicos.org.ar\/colegio\/wp-json\/wp\/v2\/media?parent=2972"}],"curies":[{"name":"wp","href":"https:\/\/api.w.org\/{rel}","templated":true}]}}